{"id":60,"date":"2016-04-03T23:16:44","date_gmt":"2016-04-03T22:16:44","guid":{"rendered":"http:\/\/arenasport.bar\/modules\/?page_id=60"},"modified":"2018-11-17T00:41:03","modified_gmt":"2018-11-16T23:41:03","slug":"contact","status":"publish","type":"page","link":"https:\/\/arenasport.bar\/index.php\/contact\/","title":{"rendered":"Contact"},"content":{"rendered":"<div id=\"pl-60\"  class=\"panel-layout\" ><div id=\"pg-60-0\"  class=\"panel-grid panel-no-style\" ><div id=\"pgc-60-0-0\"  class=\"panel-grid-cell\" ><div id=\"panel-60-0-0-0\" class=\"so-panel widget widget_black-studio-tinymce widget_black_studio_tinymce panel-first-child\" data-index=\"0\" ><div class=\"textwidget\"><p>N\u2019h\u00e9sitez pas \u00e0 nous contacter pour vos r\u00e9servations ou des renseignements.<br \/> A bient\u00f4t \u00e0 l'Arena<\/p>\n<p><a href=\"http:\/\/arenasport.bar\/index.php\/notre-carte\/\">Pour connaitre notre Carte cliquez ici<\/a><\/p>\n<\/div><\/div><div id=\"panel-60-0-0-1\" class=\"so-panel widget panel-last-child\" data-index=\"1\" ><\/div><\/div><\/div><\/div>","protected":false},"excerpt":{"rendered":"<p>N\u2019h\u00e9sitez pas \u00e0 nous contacter pour vos r\u00e9servations ou des renseignements. A bient\u00f4t \u00e0 l&rsquo;ArenaPour connaitre notre Carte cliquez ici T\u00e9lephone: 04 68 64 37 80<\/p>\n<a class=\"bw-readmore-button\" href=\"https:\/\/arenasport.bar\/index.php\/contact\/\">Read More<\/a>","protected":false},"author":1,"featured_media":0,"parent":0,"menu_order":0,"comment_status":"closed","ping_status":"closed","template":"page-sidebar.php","meta":{"footnotes":""},"class_list":["post-60","page","type-page","status-publish","hentry"],"_links":{"self":[{"href":"https:\/\/arenasport.bar\/index.php\/wp-json\/wp\/v2\/pages\/60","targetHints":{"allow":["GET"]}}],"collection":[{"href":"https:\/\/arenasport.bar\/index.php\/wp-json\/wp\/v2\/pages"}],"about":[{"href":"https:\/\/arenasport.bar\/index.php\/wp-json\/wp\/v2\/types\/page"}],"author":[{"embeddable":true,"href":"https:\/\/arenasport.bar\/index.php\/wp-json\/wp\/v2\/users\/1"}],"replies":[{"embeddable":true,"href":"https:\/\/arenasport.bar\/index.php\/wp-json\/wp\/v2\/comments?post=60"}],"version-history":[{"count":7,"href":"https:\/\/arenasport.bar\/index.php\/wp-json\/wp\/v2\/pages\/60\/revisions"}],"predecessor-version":[{"id":329,"href":"https:\/\/arenasport.bar\/index.php\/wp-json\/wp\/v2\/pages\/60\/revisions\/329"}],"wp:attachment":[{"href":"https:\/\/arenasport.bar\/index.php\/wp-json\/wp\/v2\/media?parent=60"}],"curies":[{"name":"wp","href":"https:\/\/api.w.org\/{rel}","templated":true}]}}