{"id":280,"date":"2016-05-25T02:12:47","date_gmt":"2016-05-25T01:12:47","guid":{"rendered":"http:\/\/arenasport.bar\/?page_id=280"},"modified":"2020-06-11T16:37:27","modified_gmt":"2020-06-11T15:37:27","slug":"programme-match","status":"publish","type":"page","link":"https:\/\/arenasport.bar\/index.php\/programme-match\/","title":{"rendered":"Programme Match"},"content":{"rendered":"<p><img loading=\"lazy\" decoding=\"async\" class=\"alignnone size-full wp-image-16\" src=\"http:\/\/arenasport.bar\/wp-content\/uploads\/2016\/04\/sport.jpg\" alt=\"sport\" width=\"590\" height=\"290\" srcset=\"https:\/\/arenasport.bar\/wp-content\/uploads\/2016\/04\/sport.jpg 590w, https:\/\/arenasport.bar\/wp-content\/uploads\/2016\/04\/sport-300x147.jpg 300w\" sizes=\"auto, (max-width: 590px) 100vw, 590px\" \/><\/p>\n<p>Nous retransmettons tous les \u00e9v\u00e9nements sportifs: football, rugby, basket, handball, ski, judo, boxe, JO, Tennis etc&#8230;.<\/p>\n<p>Nous pouvons retransmettre jusqu&rsquo;\u00e0 4 \u00e9v\u00e9nements en simultan\u00e9. Vous pouvez privatiser nos salons \u00e0 l&rsquo;\u00e9tage pour un accueil Premium et un confort optimum et suivre le match qui vous passionne, n&rsquo;hesitez pas \u00e0 nous <a href=\"http:\/\/arenasport.bar\/index.php\/contact\/\">demander un devis<\/a><\/p>\n<p><iframe\nsrc=\"https:\/\/www.allomatch.com\/pub-widget-110075\"\nwidth=\"100%\"\nheight=\"800px\"\nframeBorder=\"0\"\n><\/iframe><\/p>\n","protected":false},"excerpt":{"rendered":"<p>Nous retransmettons tous les \u00e9v\u00e9nements sportifs: football, rugby, basket, handball, ski, judo, boxe, JO, Tennis etc&#8230;. Nous pouvons retransmettre jusqu&rsquo;\u00e0 4 \u00e9v\u00e9nements en simultan\u00e9. Vous pouvez privatiser nos salons \u00e0 l&rsquo;\u00e9tage pour un accueil Premium et un confort optimum et suivre le match qui vous passionne, n&rsquo;hesitez pas \u00e0 nous demander un devis<\/p>\n<a class=\"bw-readmore-button\" href=\"https:\/\/arenasport.bar\/index.php\/programme-match\/\">Read More<\/a>","protected":false},"author":1,"featured_media":0,"parent":0,"menu_order":0,"comment_status":"closed","ping_status":"closed","template":"","meta":{"footnotes":""},"class_list":["post-280","page","type-page","status-publish","hentry"],"_links":{"self":[{"href":"https:\/\/arenasport.bar\/index.php\/wp-json\/wp\/v2\/pages\/280","targetHints":{"allow":["GET"]}}],"collection":[{"href":"https:\/\/arenasport.bar\/index.php\/wp-json\/wp\/v2\/pages"}],"about":[{"href":"https:\/\/arenasport.bar\/index.php\/wp-json\/wp\/v2\/types\/page"}],"author":[{"embeddable":true,"href":"https:\/\/arenasport.bar\/index.php\/wp-json\/wp\/v2\/users\/1"}],"replies":[{"embeddable":true,"href":"https:\/\/arenasport.bar\/index.php\/wp-json\/wp\/v2\/comments?post=280"}],"version-history":[{"count":11,"href":"https:\/\/arenasport.bar\/index.php\/wp-json\/wp\/v2\/pages\/280\/revisions"}],"predecessor-version":[{"id":393,"href":"https:\/\/arenasport.bar\/index.php\/wp-json\/wp\/v2\/pages\/280\/revisions\/393"}],"wp:attachment":[{"href":"https:\/\/arenasport.bar\/index.php\/wp-json\/wp\/v2\/media?parent=280"}],"curies":[{"name":"wp","href":"https:\/\/api.w.org\/{rel}","templated":true}]}}