{"id":26,"date":"2016-04-03T22:06:30","date_gmt":"2016-04-03T21:06:30","guid":{"rendered":"http:\/\/arenasport.bar\/modules\/?page_id=26"},"modified":"2020-06-11T16:25:26","modified_gmt":"2020-06-11T15:25:26","slug":"evenements-sport","status":"publish","type":"page","link":"https:\/\/arenasport.bar\/index.php\/evenements-sport\/","title":{"rendered":"Espace Sport"},"content":{"rendered":"                                    <div id=\"full-carousel1649801945\" class=\"owl-carousel full-carousel\">\n                            <div><img decoding=\"async\" src=\"https:\/\/arenasport.bar\/wp-content\/uploads\/2016\/05\/Arena-Sport-Slider-01-1.jpg\" alt=\"\"><\/div>\n                            <div><img decoding=\"async\" src=\"https:\/\/arenasport.bar\/wp-content\/uploads\/2016\/05\/Arena-Sport-Slider-02-1.jpg\" alt=\"\"><\/div>\n                            <div><img decoding=\"async\" src=\"https:\/\/arenasport.bar\/wp-content\/uploads\/2016\/05\/Arena-Sport-Slider-03-1.jpg\" alt=\"\"><\/div>\n                            <div><img decoding=\"async\" src=\"https:\/\/arenasport.bar\/wp-content\/uploads\/2016\/05\/Arena-Sport-Slider-04-1.jpg\" alt=\"\"><\/div>\n                            <div><img decoding=\"async\" src=\"https:\/\/arenasport.bar\/wp-content\/uploads\/2016\/05\/Arena-Sport-Slider-05-1.jpg\" alt=\"\"><\/div>\n                                            <\/div>\n<div class=\"clear\"><\/div>\n<script type=\"text\/javascript\">\n        jQuery(window).load(function () {\n            jQuery(\"#full-carousel1649801945\").owlCarousel({\n                items: 1,\n                                autoplay: true,\n                autoplayTimeout: 4000,\n                autoplayHoverPause: true,\n                dots: true,\n                autoHeight: true,\n                margin: 0,\n                smartSpeed: 800,\n                navText: ['', ''],\n                nav: false,\n                loop: true\n            });\n        });\n    <\/script>\n                \n<iframe\nsrc=\"https:\/\/www.allomatch.com\/pub-widget-110075\"\nwidth=\"100%\"\nheight=\"800px\"\nframeBorder=\"0\"\n><\/iframe><\/p>\n<p>Notre Espace sport vous permet de suivre plusieurs \u00e9v\u00e9nements sportifs en m\u00eame temps, fini le choix entre les 2 matchs de ligue des Champions du Mardi, \u00e0 l&rsquo;Arena vous pourrez suivre les 2<\/p>\n<p>5 TV \u00e9quipent notre espace pour ne rater aucun match ni aucun sport<\/p>\n<p><a href=\"http:\/\/arenasport.bar\/index.php\/programme-match\/\">Nous diffusons tous les sports<\/a> notamment les classiques tels que le foot et le rugby mais aussi le volley, le basket et les sports US<\/p>\n","protected":false},"excerpt":{"rendered":"<p>Notre Espace sport vous permet de suivre plusieurs \u00e9v\u00e9nements sportifs en m\u00eame temps, fini le choix entre les 2 matchs de ligue des Champions du Mardi, \u00e0 l&rsquo;Arena vous pourrez suivre les 2 5 TV \u00e9quipent notre espace pour ne rater aucun match ni aucun sport Nous diffusons tous les sports notamment les classiques tels [&hellip;]<\/p>\n<a class=\"bw-readmore-button\" href=\"https:\/\/arenasport.bar\/index.php\/bowlsliders\/espace-sport\/\">Read More<\/a>","protected":false},"author":1,"featured_media":0,"parent":0,"menu_order":0,"comment_status":"closed","ping_status":"closed","template":"","meta":{"footnotes":""},"class_list":["post-26","page","type-page","status-publish","hentry"],"_links":{"self":[{"href":"https:\/\/arenasport.bar\/index.php\/wp-json\/wp\/v2\/pages\/26","targetHints":{"allow":["GET"]}}],"collection":[{"href":"https:\/\/arenasport.bar\/index.php\/wp-json\/wp\/v2\/pages"}],"about":[{"href":"https:\/\/arenasport.bar\/index.php\/wp-json\/wp\/v2\/types\/page"}],"author":[{"embeddable":true,"href":"https:\/\/arenasport.bar\/index.php\/wp-json\/wp\/v2\/users\/1"}],"replies":[{"embeddable":true,"href":"https:\/\/arenasport.bar\/index.php\/wp-json\/wp\/v2\/comments?post=26"}],"version-history":[{"count":16,"href":"https:\/\/arenasport.bar\/index.php\/wp-json\/wp\/v2\/pages\/26\/revisions"}],"predecessor-version":[{"id":390,"href":"https:\/\/arenasport.bar\/index.php\/wp-json\/wp\/v2\/pages\/26\/revisions\/390"}],"wp:attachment":[{"href":"https:\/\/arenasport.bar\/index.php\/wp-json\/wp\/v2\/media?parent=26"}],"curies":[{"name":"wp","href":"https:\/\/api.w.org\/{rel}","templated":true}]}}