{"id":19,"date":"2016-04-03T21:57:20","date_gmt":"2016-04-03T20:57:20","guid":{"rendered":"http:\/\/arenasport.bar\/modules\/?page_id=19"},"modified":"2026-02-25T14:17:42","modified_gmt":"2026-02-25T13:17:42","slug":"notre-carte","status":"publish","type":"page","link":"https:\/\/arenasport.bar\/index.php\/notre-carte\/","title":{"rendered":"Notre Carte"},"content":{"rendered":"<h2 class=\"border\">Burgers Maison<\/h2>\n<p>Les Bun&rsquo;s de burgers sont fait par notre partenaire, le levain d&rsquo;helios, et nos steaks hach\u00e9s sont frais et produits en Cerdagne, nos frites et nos sauces sont faites maison. La qualit\u00e9 de nos produits sont notre fiert\u00e9<\/p>\n<p><img loading=\"lazy\" decoding=\"async\" class=\"alignnone size-full wp-image-532\" src=\"https:\/\/arenasport.bar\/wp-content\/uploads\/2026\/02\/Menu-Arena.jpg\" alt=\"\" width=\"1024\" height=\"1536\" srcset=\"https:\/\/arenasport.bar\/wp-content\/uploads\/2026\/02\/Menu-Arena.jpg 1024w, https:\/\/arenasport.bar\/wp-content\/uploads\/2026\/02\/Menu-Arena-200x300.jpg 200w, https:\/\/arenasport.bar\/wp-content\/uploads\/2026\/02\/Menu-Arena-683x1024.jpg 683w, https:\/\/arenasport.bar\/wp-content\/uploads\/2026\/02\/Menu-Arena-768x1152.jpg 768w\" sizes=\"auto, (max-width: 1024px) 100vw, 1024px\" \/><br \/>\n<!--\n\n\n<h2 class=\"border\">Finger Food<\/h2>\n\n\n&nbsp;\n\n[bowlmenu]\n[bowlmenuitem title=\"Chicken Wings\" price=\"A partir de 4\u20ac\" imageurl=\"\"]Ailes de poulet marin\u00e9es[\/bowlmenuitem]\n[bowlmenuitem title=\"Nuggets\" price=\"A partir de 5\u20ac\" imageurl=\"\"]Plein filet de Poulet ou de Poisson[\/bowlmenuitem]\n[bowlmenuitem title=\"Onions Rings\" price=\"A partir de 3\u20ac\" imageurl=\"\"]Anneaux d'Oignons pan\u00e9s[\/bowlmenuitem]\n[bowlmenuitem title=\"Portion de frites\" price=\"A partir de 3\u20ac\" imageurl=\"\"][\/bowlmenuitem]\n[bowlmenuitem title=\"Frites \u00e0 l'am\u00e9ricaine ou frites Di\u00e9t\u00e9tique\" price=\"A partir de 6\u20ac\" imageurl=\"\"]accompagn\u00e9 de Cheddar Fondant, de Lardons, Oignons Frits et de Sauce Topping maison[\/bowlmenuitem]\n[\/bowlmenu]\n\n\n<h2 class=\"border\">Formules<\/h2>\n\n\n[bowlmenu]\n[bowlmenuitem title=\"Coupe de France\" price=\"14\u20ac\" imageurl=\"\"]5 Chicken Wings, 5 Nuggets, 6 Oignons Rings, Petite Portion de Frites[\/bowlmenuitem]\n[bowlmenuitem title=\"Coupe d'Europe\" price=\"24\u20ac\" imageurl=\"\"]10\u00a0Chicken Wings, 10\u00a0Nuggets, 12\u00a0Oignons Rings, Moyenne\u00a0Portion de Frites[\/bowlmenuitem]\n[bowlmenuitem title=\"Coupe du Monde\" price=\"39\u20ac\" imageurl=\"\"]20\u00a0Chicken Wings, 20\u00a0Nuggets, 18 Oignons Rings, Grande\u00a0Portion de Frites[\/bowlmenuitem]\n[\/bowlmenu] --><\/p>\n","protected":false},"excerpt":{"rendered":"<p>Burgers Maison Les Bun&rsquo;s de burgers sont fait par notre partenaire, le levain d&rsquo;helios, et nos steaks hach\u00e9s sont frais et produits en Cerdagne, nos frites et nos sauces sont faites maison. La qualit\u00e9 de nos produits sont notre fiert\u00e9<\/p>\n<a class=\"bw-readmore-button\" href=\"https:\/\/arenasport.bar\/index.php\/notre-carte\/\">Read More<\/a>","protected":false},"author":1,"featured_media":341,"parent":0,"menu_order":0,"comment_status":"closed","ping_status":"closed","template":"page-sidebar.php","meta":{"footnotes":""},"class_list":["post-19","page","type-page","status-publish","has-post-thumbnail","hentry"],"_links":{"self":[{"href":"https:\/\/arenasport.bar\/index.php\/wp-json\/wp\/v2\/pages\/19","targetHints":{"allow":["GET"]}}],"collection":[{"href":"https:\/\/arenasport.bar\/index.php\/wp-json\/wp\/v2\/pages"}],"about":[{"href":"https:\/\/arenasport.bar\/index.php\/wp-json\/wp\/v2\/types\/page"}],"author":[{"embeddable":true,"href":"https:\/\/arenasport.bar\/index.php\/wp-json\/wp\/v2\/users\/1"}],"replies":[{"embeddable":true,"href":"https:\/\/arenasport.bar\/index.php\/wp-json\/wp\/v2\/comments?post=19"}],"version-history":[{"count":38,"href":"https:\/\/arenasport.bar\/index.php\/wp-json\/wp\/v2\/pages\/19\/revisions"}],"predecessor-version":[{"id":533,"href":"https:\/\/arenasport.bar\/index.php\/wp-json\/wp\/v2\/pages\/19\/revisions\/533"}],"wp:featuredmedia":[{"embeddable":true,"href":"https:\/\/arenasport.bar\/index.php\/wp-json\/wp\/v2\/media\/341"}],"wp:attachment":[{"href":"https:\/\/arenasport.bar\/index.php\/wp-json\/wp\/v2\/media?parent=19"}],"curies":[{"name":"wp","href":"https:\/\/api.w.org\/{rel}","templated":true}]}}